{"id":360,"date":"2025-12-19T11:02:00","date_gmt":"2025-12-19T11:02:00","guid":{"rendered":"https:\/\/cristinabarriopsicologa.es\/?page_id=360"},"modified":"2025-12-30T10:06:21","modified_gmt":"2025-12-30T10:06:21","slug":"aviso-legal","status":"publish","type":"page","link":"https:\/\/cristinabarriopsicologa.es\/gl\/aviso-legal\/","title":{"rendered":"Aviso Legal"},"content":{"rendered":"<p><strong>1. Datos identificativos<\/strong><\/p>\n\n\n\n<ul class=\"wp-block-list\">\n<li>Titular:&nbsp;<strong>CRISTINA BARRIO PARDO<\/strong><a href=\"https:\/\/www.psicoglobal.com\/info\/aviso-legal\" target=\"_blank\" rel=\"noreferrer noopener\"><\/a>\u200b<\/li>\n\n\n\n<li>NIF:&nbsp;<strong>34282461H<\/strong><a href=\"https:\/\/www.psicoglobal.com\/info\/aviso-legal\" target=\"_blank\" rel=\"noreferrer noopener\"><\/a>\u200b<\/li>\n\n\n\n<li>Domicilio:\u00a0<strong>Carril de Cai\u00f1\u00f3s, 9, 2A, 27002 Lugo, Espa\u00f1a<\/strong>\u200b<\/li>\n\n\n\n<li>Correo electr\u00f3nico:&nbsp;<a href=\"mailto:cristina.barrio.psicologia@gmail.com\" target=\"_blank\" rel=\"noreferrer noopener\"><\/a><a href=\"mailto:cristina.barrio.psicologia@gmail.com\"><strong>cristina.barrio.psicologia@gmail.com<\/strong><\/a>\u200b<\/li>\n\n\n\n<li>Tel\u00e9fono:&nbsp;<strong>+34 694 30 26 32<\/strong><a href=\"https:\/\/www.psicoglobal.com\/info\/aviso-legal\" target=\"_blank\" rel=\"noreferrer noopener\"><\/a>\u200b<\/li>\n\n\n\n<li>Nombre de dominio: <a href=\"https:\/\/cristinabarriopsicologa.es\/gl\/\" target=\"_blank\" rel=\"noreferrer noopener\"><strong>cristinabarriopsicologa.es<\/strong><\/a><a href=\"https:\/\/www.psicoglobal.com\/info\/aviso-legal\" target=\"_blank\" rel=\"noreferrer noopener\"><\/a>\u200b<\/li>\n<\/ul>\n\n\n\n<p>En cumplimiento con el deber de informaci\u00f3n dispuesto en la Ley 34\/2002, de 11 de julio, de Servicios de la Sociedad de la Informaci\u00f3n y del Comercio Electr\u00f3nico (LSSI\u2011CE), se facilitan los datos anteriores como informaci\u00f3n general del sitio web.<a rel=\"noreferrer noopener\" target=\"_blank\" href=\"https:\/\/www.psicoglobal.com\/info\/aviso-legal\"><\/a>\u200b<\/p>\n\n\n\n<p><strong>2. Objeto del sitio web<\/strong><\/p>\n\n\n\n<p>El presente sitio web tiene por finalidad ofrecer informaci\u00f3n sobre los servicios profesionales de psicolog\u00eda prestados por la titular, as\u00ed como facilitar el contacto y, en su caso, la gesti\u00f3n de citas.<a rel=\"noreferrer noopener\" target=\"_blank\" href=\"https:\/\/cristinanoyapsicologa.com\/aviso-legal\/\"><\/a>\u200b<br>El acceso y\/o uso de este sitio web atribuye la condici\u00f3n de usuario e implica la aceptaci\u00f3n plena y sin reservas de todas las cl\u00e1usulas de este Aviso legal y de las pol\u00edticas de privacidad y cookies.<a rel=\"noreferrer noopener\" target=\"_blank\" href=\"https:\/\/pablofuentespsicologo.es\/aviso-legal\/\"><\/a>\u200b<\/p>\n\n\n\n<p><strong>3. Condiciones de uso<\/strong><\/p>\n\n\n\n<p>El usuario se compromete a hacer un uso adecuado de los contenidos del sitio web, absteni\u00e9ndose de utilizarlos para actividades il\u00edcitas, contrarias a la buena fe, al orden p\u00fablico o que puedan causar da\u00f1os a sistemas f\u00edsicos o l\u00f3gicos del titular o de terceros.<a rel=\"noreferrer noopener\" target=\"_blank\" href=\"https:\/\/psicoterapiaolgavadillo.com\/aviso-legal\/\"><\/a>\u200b<br>La titular se reserva el derecho a denegar o retirar el acceso al sitio web sin necesidad de preaviso a aquellos usuarios que incumplan las presentes condiciones de uso.<a rel=\"noreferrer noopener\" target=\"_blank\" href=\"https:\/\/www.psicologocuenca.es\/legal\/aviso-legal\"><\/a>\u200b<\/p>\n\n\n\n<p><strong>4. Propiedad intelectual e industrial<\/strong><\/p>\n\n\n\n<p>Todos los contenidos del sitio web (textos, im\u00e1genes, logotipos, dise\u00f1o, combinaciones de colores, c\u00f3digo fuente, etc.) son titularidad de la propietaria o de terceros que han autorizado su uso, y est\u00e1n protegidos por la normativa de propiedad intelectual e industrial.<a rel=\"noreferrer noopener\" target=\"_blank\" href=\"https:\/\/psicoterapiaolgavadillo.com\/aviso-legal\/\"><\/a>\u200b<br>Queda prohibida la reproducci\u00f3n, distribuci\u00f3n, transformaci\u00f3n, comunicaci\u00f3n p\u00fablica o cualquier otra forma de explotaci\u00f3n de los contenidos sin autorizaci\u00f3n previa y expresa por escrito de la titular.<a rel=\"noreferrer noopener\" target=\"_blank\" href=\"https:\/\/www.psicoglobal.com\/info\/aviso-legal\"><\/a>\u200b<\/p>\n\n\n\n<p><strong>5. Enlaces<\/strong><\/p>\n\n\n\n<p>Este sitio web puede contener enlaces a p\u00e1ginas de terceros, respecto de las cuales la titular no asume responsabilidad alguna sobre los contenidos o sobre cualquier aspecto relacionado con su uso.<a rel=\"noreferrer noopener\" target=\"_blank\" href=\"https:\/\/psicoterapiaolgavadillo.com\/aviso-legal\/\"><\/a>\u200b<br>La inclusi\u00f3n de estos enlaces no implica la existencia de relaci\u00f3n, colaboraci\u00f3n o dependencia alguna entre la titular y el titular de los sitios web enlazados.<a rel=\"noreferrer noopener\" target=\"_blank\" href=\"https:\/\/www.psicoglobal.com\/info\/aviso-legal\"><\/a>\u200b<\/p>\n\n\n\n<p><strong>6. Exoneraci\u00f3n de responsabilidades<\/strong><\/p>\n\n\n\n<p>La titular no garantiza la disponibilidad continua y permanente del sitio web, aunque realizar\u00e1 sus mejores esfuerzos para asegurar la continuidad del servicio.<a rel=\"noreferrer noopener\" target=\"_blank\" href=\"https:\/\/www.psicoglobal.com\/info\/aviso-legal\"><\/a>\u200b<br>La titular no se responsabiliza de los da\u00f1os y perjuicios que puedan derivarse de virus, ataques inform\u00e1ticos u otras situaciones que se escapen de su control razonable.<a rel=\"noreferrer noopener\" target=\"_blank\" href=\"https:\/\/www.psicoglobal.com\/info\/aviso-legal\"><\/a>\u200b<\/p>\n\n\n\n<p><strong>7. Normativa aplicable y jurisdicci\u00f3n<\/strong><\/p>\n\n\n\n<p>Las relaciones entre la titular y el usuario se regir\u00e1n por la normativa espa\u00f1ola vigente.<a rel=\"noreferrer noopener\" target=\"_blank\" href=\"https:\/\/www.psicoglobal.com\/info\/aviso-legal\"><\/a>\u200b<br>Salvo que la normativa de consumo establezca otro fuero imperativo, las partes se someter\u00e1n a los Juzgados y Tribunales de Lugo, renunciando expresamente a cualquier otro fuero que pudiera corresponderles.<a rel=\"noreferrer noopener\" target=\"_blank\" href=\"https:\/\/www.psicoglobal.com\/info\/aviso-legal\"><\/a>\u200b<\/p>","protected":false},"excerpt":{"rendered":"<p>1. Datos identificativos En cumplimiento con el deber de informaci\u00f3n dispuesto en la Ley 34\/2002, de 11 de julio, de Servicios de la Sociedad de la Informaci\u00f3n y del Comercio Electr\u00f3nico (LSSI\u2011CE), se facilitan los datos anteriores como informaci\u00f3n general del sitio web.\u200b 2. Objeto del sitio web El presente sitio web tiene por finalidad [&hellip;]<\/p>","protected":false},"author":1,"featured_media":0,"parent":0,"menu_order":0,"comment_status":"closed","ping_status":"closed","template":"","meta":{"footnotes":""},"class_list":["post-360","page","type-page","status-publish","hentry"],"_hostinger_reach_plugin_has_subscription_block":false,"_hostinger_reach_plugin_is_elementor":false,"_links":{"self":[{"href":"https:\/\/cristinabarriopsicologa.es\/gl\/wp-json\/wp\/v2\/pages\/360","targetHints":{"allow":["GET"]}}],"collection":[{"href":"https:\/\/cristinabarriopsicologa.es\/gl\/wp-json\/wp\/v2\/pages"}],"about":[{"href":"https:\/\/cristinabarriopsicologa.es\/gl\/wp-json\/wp\/v2\/types\/page"}],"author":[{"embeddable":true,"href":"https:\/\/cristinabarriopsicologa.es\/gl\/wp-json\/wp\/v2\/users\/1"}],"replies":[{"embeddable":true,"href":"https:\/\/cristinabarriopsicologa.es\/gl\/wp-json\/wp\/v2\/comments?post=360"}],"version-history":[{"count":5,"href":"https:\/\/cristinabarriopsicologa.es\/gl\/wp-json\/wp\/v2\/pages\/360\/revisions"}],"predecessor-version":[{"id":486,"href":"https:\/\/cristinabarriopsicologa.es\/gl\/wp-json\/wp\/v2\/pages\/360\/revisions\/486"}],"wp:attachment":[{"href":"https:\/\/cristinabarriopsicologa.es\/gl\/wp-json\/wp\/v2\/media?parent=360"}],"curies":[{"name":"wp","href":"https:\/\/api.w.org\/{rel}","templated":true}]}}