{"id":363,"date":"2025-12-19T11:10:51","date_gmt":"2025-12-19T11:10:51","guid":{"rendered":"https:\/\/cristinabarriopsicologa.es\/?page_id=363"},"modified":"2025-12-30T10:07:24","modified_gmt":"2025-12-30T10:07:24","slug":"politica-de-privacidad","status":"publish","type":"page","link":"https:\/\/cristinabarriopsicologa.es\/gl\/politica-de-privacidad\/","title":{"rendered":"Pol\u00edtica de privacidad"},"content":{"rendered":"<p><strong>1. Responsable del tratamiento<\/strong><\/p>\n\n\n\n<ul class=\"wp-block-list\">\n<li>Responsable:&nbsp;<strong>CRISTINA BARRIO PARDO<\/strong><\/li>\n\n\n\n<li>NIF:&nbsp;<strong>34282461H<\/strong><\/li>\n\n\n\n<li>Domicilio:&nbsp;<strong>Carril de Cai\u00f1\u00f3s, 9, 2A, 27002 Lugo, Espa\u00f1a<\/strong><\/li>\n\n\n\n<li>Correo electr\u00f3nico:&nbsp;<strong><a href=\"mailto:cristina.barrio.psicologia@gmail.com\" target=\"_blank\" rel=\"noreferrer noopener\"><\/a><a href=\"mailto:cristina.barrio.psicologia@gmail.com\">cristina.barrio.psicologia@gmail.com<\/a><\/strong><\/li>\n\n\n\n<li>Sitio web:&nbsp;<a href=\"https:\/\/cristinabarriopsicologa.es\/gl\" target=\"_blank\" rel=\"noreferrer noopener\"><strong>https:\/\/cristinabarriopsicologa.es\/<\/strong><\/a><\/li>\n<\/ul>\n\n\n\n<p>La presente pol\u00edtica regula el tratamiento de los datos personales de los usuarios del sitio web, de conformidad con el Reglamento (UE) 2016\/679 (RGPD) y la Ley Org\u00e1nica 3\/2018 (LOPDGDD).<a rel=\"noreferrer noopener\" target=\"_blank\" href=\"https:\/\/protecciondatos-lopd.com\/empresas\/politica-de-privacidad-web\/\"><\/a>\u200b<\/p>\n\n\n\n<hr class=\"wp-block-separator has-alpha-channel-opacity\"\/>\n\n\n\n<h2 class=\"wp-block-heading\" id=\"datos-tratados-y-finalidades\">Datos tratados y finalidades<\/h2>\n\n\n\n<p>Se podr\u00e1n tratar las siguientes categor\u00edas de datos a trav\u00e9s del sitio web:<a rel=\"noreferrer noopener\" target=\"_blank\" href=\"https:\/\/protecciondatos-lopd.com\/empresas\/psicologos\/\"><\/a>\u200b<\/p>\n\n\n\n<ul class=\"wp-block-list\">\n<li><strong>Datos de contacto<\/strong>: nombre, apellidos, correo electr\u00f3nico, tel\u00e9fono y cualquier informaci\u00f3n incluida en el mensaje enviado mediante el formulario de contacto o por correo.\n<ul class=\"wp-block-list\">\n<li>Finalidad: atender consultas, proporcionar informaci\u00f3n sobre los servicios de psicolog\u00eda y gestionar, en su caso, la solicitud de cita.<\/li>\n\n\n\n<li>Base jur\u00eddica: consentimiento del interesado y aplicaci\u00f3n de medidas precontractuales.<a href=\"https:\/\/www.syndeo.es\/lopd-para-psicologos\/politica-de-privacidad-en-consulta-psicologia\/\" target=\"_blank\" rel=\"noreferrer noopener\"><\/a>\u200b<\/li>\n<\/ul>\n<\/li>\n\n\n\n<li><strong>Datos de navegaci\u00f3n y uso del sitio<\/strong>: direcci\u00f3n IP, identificadores en l\u00ednea, p\u00e1ginas visitadas, tiempo de permanencia, clics, dispositivo y navegador, a trav\u00e9s de cookies y tecnolog\u00edas similares.\n<ul class=\"wp-block-list\">\n<li>Finalidad: permitir la navegaci\u00f3n, mejorar el rendimiento y seguridad del sitio, y elaborar estad\u00edsticas an\u00f3nimas mediante Google Analytics (a trav\u00e9s de Google Site Kit).<a href=\"https:\/\/www.cookieyes.com\/blog\/google-analytics-gdpr\/\" target=\"_blank\" rel=\"noreferrer noopener\"><\/a>\u200b<\/li>\n\n\n\n<li>Base jur\u00eddica: inter\u00e9s leg\u00edtimo para las cookies t\u00e9cnicas y consentimiento para las cookies de an\u00e1lisis, gestionado a trav\u00e9s de CookieYes.<a href=\"https:\/\/usercentrics.com\/es\/knowledge-hub\/ley-de-cookies-espana-guia-completa\/\" target=\"_blank\" rel=\"noreferrer noopener\"><\/a>\u200b<\/li>\n<\/ul>\n<\/li>\n<\/ul>\n\n\n\n<p>Los datos de salud y dem\u00e1s datos especialmente protegidos de pacientes NO se recogen a trav\u00e9s del sitio web, sino en el marco de la relaci\u00f3n asistencial, con su correspondiente informaci\u00f3n espec\u00edfica y consentimiento.<a rel=\"noreferrer noopener\" target=\"_blank\" href=\"https:\/\/www.syndeo.es\/lopd-para-psicologos\/politica-de-privacidad-en-consulta-psicologia\/\"><\/a>\u200b<\/p>\n\n\n\n<hr class=\"wp-block-separator has-alpha-channel-opacity\"\/>\n\n\n\n<h2 class=\"wp-block-heading\" id=\"conservacin-de-los-datos\">Conservaci\u00f3n de los datos<\/h2>\n\n\n\n<ul class=\"wp-block-list\">\n<li>Los datos de contacto se conservar\u00e1n durante el tiempo necesario para atender la consulta o solicitud y, en su caso, mientras se mantenga una relaci\u00f3n profesional, m\u00e1s los plazos de prescripci\u00f3n legal aplicables.<a href=\"https:\/\/protecciondatos-lopd.com\/empresas\/politica-de-privacidad-web\/\" target=\"_blank\" rel=\"noreferrer noopener\"><\/a>\u200b<\/li>\n\n\n\n<li>Los datos vinculados a comunicaciones comerciales (si se llegaran a enviar) se conservar\u00e1n mientras el interesado no solicite su supresi\u00f3n.<a href=\"https:\/\/superadmin.es\/blog\/hosting\/plantilla-politica-de-privacidad\/\" target=\"_blank\" rel=\"noreferrer noopener\"><\/a>\u200b<\/li>\n\n\n\n<li>Los datos de navegaci\u00f3n vinculados a cookies se conservar\u00e1n seg\u00fan los plazos indicados en la Pol\u00edtica de cookies y en la configuraci\u00f3n de cada cookie.<a href=\"https:\/\/www.cookieyes.com\/knowledge-base\/cookies-101\/does-google-analytics-use-cookies\/\" target=\"_blank\" rel=\"noreferrer noopener\"><\/a>\u200b<\/li>\n<\/ul>\n\n\n\n<hr class=\"wp-block-separator has-alpha-channel-opacity\"\/>\n\n\n\n<h2 class=\"wp-block-heading\" id=\"destinatarios-y-encargados-de-tratamiento\">Destinatarios y encargados de tratamiento<\/h2>\n\n\n\n<p>Con car\u00e1cter general, los datos no se comunicar\u00e1n a terceros salvo obligaci\u00f3n legal o necesidad para la prestaci\u00f3n de los servicios.<a rel=\"noreferrer noopener\" target=\"_blank\" href=\"https:\/\/protecciondatos-lopd.com\/empresas\/psicologos\/\"><\/a>\u200b<\/p>\n\n\n\n<p>Podr\u00e1n tener acceso a los datos, en calidad de&nbsp;<strong>encargados de tratamiento<\/strong>, entre otros:<\/p>\n\n\n\n<ul class=\"wp-block-list\">\n<li><strong>Hostinger International Ltd.<\/strong>&nbsp;(servicio de alojamiento web y gesti\u00f3n t\u00e9cnica del sitio), que act\u00faa como encargado de tratamiento, con acuerdos de tratamiento de datos y medidas de seguridad conforme al RGPD.<a href=\"https:\/\/www.hostinger.com\/legal\/dpa\" target=\"_blank\" rel=\"noreferrer noopener\"><\/a>\u200b<\/li>\n\n\n\n<li><strong>Google LLC<\/strong>&nbsp;y sus filiales en la UE (prestaci\u00f3n de servicios de anal\u00edtica web mediante Google Analytics \/ Site Kit), actuando como encargado de tratamiento seg\u00fan sus Ads Data Processing Terms.<a href=\"https:\/\/support.google.com\/analytics\/answer\/6004245?hl=en\" target=\"_blank\" rel=\"noreferrer noopener\"><\/a>\u200b<\/li>\n\n\n\n<li>Otros proveedores que puedan intervenir en la prestaci\u00f3n de servicios necesarios para el funcionamiento del sitio web (por ejemplo, herramientas de correo o copia de seguridad), con los cuales se formalizar\u00e1n los correspondientes contratos de encargo de tratamiento.<a href=\"https:\/\/ayudaleyprotecciondatos.es\/psicologos\/\" target=\"_blank\" rel=\"noreferrer noopener\"><\/a>\u200b<\/li>\n<\/ul>\n\n\n\n<p>No se prev\u00e9n transferencias internacionales de datos fuera del Espacio Econ\u00f3mico Europeo distintas de las derivadas del uso de los servicios de Google u otros proveedores indicados, que aplican cl\u00e1usulas contractuales tipo u otras garant\u00edas adecuadas conforme al RGPD.<a rel=\"noreferrer noopener\" target=\"_blank\" href=\"https:\/\/www.google.com\/analytics\/terms\/dpa\/dataprocessingamendment_20200816.html\"><\/a>\u200b<\/p>\n\n\n\n<hr class=\"wp-block-separator has-alpha-channel-opacity\"\/>\n\n\n\n<h2 class=\"wp-block-heading\" id=\"derechos-de-las-personas-usuarias\">Derechos de las personas usuarias<\/h2>\n\n\n\n<p>El usuario puede ejercitar, en relaci\u00f3n con sus datos personales, los derechos de:<a rel=\"noreferrer noopener\" target=\"_blank\" href=\"https:\/\/protecciondatos-lopd.com\/empresas\/politica-de-privacidad-web\/\"><\/a>\u200b<\/p>\n\n\n\n<ul class=\"wp-block-list\">\n<li>Acceso: saber qu\u00e9 datos se tratan.<\/li>\n\n\n\n<li>Rectificaci\u00f3n: solicitar la modificaci\u00f3n de datos inexactos o incompletos.<\/li>\n\n\n\n<li>Supresi\u00f3n: solicitar la eliminaci\u00f3n de los datos cuando ya no sean necesarios o retire su consentimiento.<\/li>\n\n\n\n<li>Limitaci\u00f3n del tratamiento: solicitar que se limite el tratamiento en determinados supuestos.<\/li>\n\n\n\n<li>Oposici\u00f3n: oponerse al tratamiento por motivos relacionados con su situaci\u00f3n particular, especialmente en tratamientos basados en el inter\u00e9s leg\u00edtimo.<\/li>\n\n\n\n<li>Portabilidad: recibir sus datos en un formato estructurado y, en su caso, transmitirlos a otro responsable, cuando sea t\u00e9cnicamente posible.<\/li>\n<\/ul>\n\n\n\n<p>Para ejercer sus derechos, el usuario puede enviar una solicitud escrita, adjuntando copia de su documento de identidad, a:<\/p>\n\n\n\n<ul class=\"wp-block-list\">\n<li>Direcci\u00f3n postal:\u00a0<strong>Carril de Cai\u00f1\u00f3s, 9, 2A, 27002 Lugo, Espa\u00f1a<\/strong><\/li>\n\n\n\n<li>Correo electr\u00f3nico:&nbsp;<a href=\"mailto:cristina.barrio.psicologia@gmail.com\" target=\"_blank\" rel=\"noreferrer noopener\"><\/a><a href=\"mailto:cristina.barrio.psicologia@gmail.com\"><strong>cristina.barrio.psicologia@gmail.com<\/strong><\/a>&nbsp;(asunto: \u201cProtecci\u00f3n de datos\u201d)<\/li>\n<\/ul>\n\n\n\n<p>Asimismo, tiene derecho a presentar una reclamaci\u00f3n ante la&nbsp;<strong>Agencia Espa\u00f1ola de Protecci\u00f3n de Datos (AEPD)<\/strong>&nbsp;si considera que sus derechos en materia de protecci\u00f3n de datos han sido vulnerados.<a rel=\"noreferrer noopener\" target=\"_blank\" href=\"https:\/\/protecciondatos-lopd.com\/empresas\/psicologos\/\"><\/a>\u200b<\/p>\n\n\n\n<hr class=\"wp-block-separator has-alpha-channel-opacity\"\/>\n\n\n\n<h2 class=\"wp-block-heading\" id=\"medidas-de-seguridad\">Medidas de seguridad<\/h2>\n\n\n\n<p>La responsable se compromete a aplicar las medidas t\u00e9cnicas y organizativas apropiadas para garantizar un nivel de seguridad adecuado al riesgo, teniendo en cuenta el estado de la t\u00e9cnica, los costes de aplicaci\u00f3n y la naturaleza, alcance, contexto y fines del tratamiento.<a rel=\"noreferrer noopener\" target=\"_blank\" href=\"https:\/\/www.hostinger.com\/support\/1583287-what-security-measures-does-hostinger-use\/\"><\/a>\u200b<br>Entre dichas medidas se incluyen controles de acceso, uso de protocolos seguros, pol\u00edticas de copia de seguridad y confidencialidad, as\u00ed como la revisi\u00f3n peri\u00f3dica de la eficacia de las medidas implantadas.<a rel=\"noreferrer noopener\" target=\"_blank\" href=\"https:\/\/www.hostinger.com\/support\/1583287-what-security-measures-does-hostinger-use\/\"><\/a>\u200b<\/p>\n\n\n\n<hr class=\"wp-block-separator has-alpha-channel-opacity\"\/>\n\n\n\n<h2 class=\"wp-block-heading\" id=\"veracidad-de-los-datos-y-actualizacin\">Veracidad de los datos y actualizaci\u00f3n<\/h2>\n\n\n\n<p>El usuario garantiza que los datos facilitados son veraces, exactos y completos, y se compromete a comunicar cualquier modificaci\u00f3n para mantenerlos actualizados.<a rel=\"noreferrer noopener\" target=\"_blank\" href=\"https:\/\/www.pedagogiaypsicologia.es\/politica-de-privacidad\"><\/a>\u200b<br>El usuario ser\u00e1 responsable de cualquier da\u00f1o o perjuicio directo o indirecto que pueda ocasionar a la responsable o a terceros como consecuencia del incumplimiento de esta obligaci\u00f3n.<a rel=\"noreferrer noopener\" target=\"_blank\" href=\"https:\/\/protecciondatos-lopd.com\/empresas\/politica-de-privacidad-web\/\"><\/a>\u200b<\/p>\n\n\n\n<hr class=\"wp-block-separator has-alpha-channel-opacity\"\/>\n\n\n\n<h2 class=\"wp-block-heading\" id=\"enlaces-cookies-y-modificacin-de-la-poltica\">Enlaces, cookies y modificaci\u00f3n de la pol\u00edtica<\/h2>\n\n\n\n<p>Este sitio web puede incluir enlaces a sitios de terceros cuya pol\u00edtica de privacidad es ajena a la de esta p\u00e1gina; en esos casos, el usuario deber\u00e1 consultar la pol\u00edtica de privacidad de dichos sitios.<a rel=\"noreferrer noopener\" target=\"_blank\" href=\"https:\/\/psicologosenaccion.org\/politica-de-privacidad\/\"><\/a>\u200b<br>La utilizaci\u00f3n de cookies y tecnolog\u00edas similares se detalla espec\u00edficamente en la&nbsp;<strong>Pol\u00edtica de cookies<\/strong>, que complementa a la presente pol\u00edtica de privacidad.<a rel=\"noreferrer noopener\" target=\"_blank\" href=\"https:\/\/protecciondatos-lopd.com\/empresas\/politica-de-cookies\/\"><\/a>\u200b<\/p>\n\n\n\n<p>La responsable se reserva el derecho de modificar la presente pol\u00edtica de privacidad para adaptarla a novedades legislativas o jurisprudenciales, as\u00ed como a cambios en la prestaci\u00f3n de servicios o en la configuraci\u00f3n del sitio web.<a rel=\"noreferrer noopener\" target=\"_blank\" href=\"https:\/\/textos-legales.edgartamarit.com\/plantilla-politica-privacidad-datos-personales\/\"><\/a>\u200b<\/p>","protected":false},"excerpt":{"rendered":"<p>1. Responsable del tratamiento La presente pol\u00edtica regula el tratamiento de los datos personales de los usuarios del sitio web, de conformidad con el Reglamento (UE) 2016\/679 (RGPD) y la Ley Org\u00e1nica 3\/2018 (LOPDGDD).\u200b Datos tratados y finalidades Se podr\u00e1n tratar las siguientes categor\u00edas de datos a trav\u00e9s del sitio web:\u200b Los datos de salud [&hellip;]<\/p>","protected":false},"author":1,"featured_media":0,"parent":0,"menu_order":0,"comment_status":"closed","ping_status":"closed","template":"","meta":{"footnotes":""},"class_list":["post-363","page","type-page","status-publish","hentry"],"_hostinger_reach_plugin_has_subscription_block":false,"_hostinger_reach_plugin_is_elementor":false,"_links":{"self":[{"href":"https:\/\/cristinabarriopsicologa.es\/gl\/wp-json\/wp\/v2\/pages\/363","targetHints":{"allow":["GET"]}}],"collection":[{"href":"https:\/\/cristinabarriopsicologa.es\/gl\/wp-json\/wp\/v2\/pages"}],"about":[{"href":"https:\/\/cristinabarriopsicologa.es\/gl\/wp-json\/wp\/v2\/types\/page"}],"author":[{"embeddable":true,"href":"https:\/\/cristinabarriopsicologa.es\/gl\/wp-json\/wp\/v2\/users\/1"}],"replies":[{"embeddable":true,"href":"https:\/\/cristinabarriopsicologa.es\/gl\/wp-json\/wp\/v2\/comments?post=363"}],"version-history":[{"count":6,"href":"https:\/\/cristinabarriopsicologa.es\/gl\/wp-json\/wp\/v2\/pages\/363\/revisions"}],"predecessor-version":[{"id":488,"href":"https:\/\/cristinabarriopsicologa.es\/gl\/wp-json\/wp\/v2\/pages\/363\/revisions\/488"}],"wp:attachment":[{"href":"https:\/\/cristinabarriopsicologa.es\/gl\/wp-json\/wp\/v2\/media?parent=363"}],"curies":[{"name":"wp","href":"https:\/\/api.w.org\/{rel}","templated":true}]}}