{"id":365,"date":"2025-12-19T11:12:47","date_gmt":"2025-12-19T11:12:47","guid":{"rendered":"https:\/\/cristinabarriopsicologa.es\/?page_id=365"},"modified":"2025-12-30T10:08:33","modified_gmt":"2025-12-30T10:08:33","slug":"politica-de-cookies","status":"publish","type":"page","link":"https:\/\/cristinabarriopsicologa.es\/gl\/politica-de-cookies\/","title":{"rendered":"Pol\u00edtica de cookies"},"content":{"rendered":"<p>A continuaci\u00f3n, se incluye una Pol\u00edtica de cookies completa y actualizada para cristinabarriopsicologa.es, integrada con CookieYes, Google Analytics a trav\u00e9s de Site Kit y Hostinger, basada en los requisitos de la LSSI-CE, el RGPD y la LOPDGDD descritos en las gu\u00edas recientes.<\/p>\n\n\n\n<hr class=\"wp-block-separator has-alpha-channel-opacity\"\/>\n\n\n\n<h2 class=\"wp-block-heading\" id=\"informacin-general-sobre-cookies\">Informaci\u00f3n general sobre cookies<\/h2>\n\n\n\n<p>Este sitio web utiliza cookies y tecnolog\u00edas similares que almacenan y recuperan informaci\u00f3n cuando navega.<a rel=\"noreferrer noopener\" target=\"_blank\" href=\"https:\/\/protecciondatos-lopd.com\/empresas\/politica-de-cookies\/\"><\/a>\u200b<br>Las cookies permiten, entre otras cosas, recordar sus preferencias, analizar el uso del sitio o mostrar determinados contenidos en funci\u00f3n de sus h\u00e1bitos de navegaci\u00f3n.<a rel=\"noreferrer noopener\" target=\"_blank\" href=\"https:\/\/usercentrics.com\/es\/knowledge-hub\/ley-de-cookies-espana-guia-completa\/\"><\/a>\u200b<\/p>\n\n\n\n<p>El uso de cookies en Espa\u00f1a se rige por la Ley 34\/2002, de Servicios de la Sociedad de la Informaci\u00f3n y del Comercio Electr\u00f3nico (LSSI\u2011CE), el Reglamento (UE) 2016\/679 (RGPD) y la Ley Org\u00e1nica 3\/2018 (LOPDGDD).<a rel=\"noreferrer noopener\" target=\"_blank\" href=\"https:\/\/protecciondatos-lopd.com\/empresas\/psicologos\/\"><\/a>\u200b<\/p>\n\n\n\n<hr class=\"wp-block-separator has-alpha-channel-opacity\"\/>\n\n\n\n<h2 class=\"wp-block-heading\" id=\"responsable-del-uso-de-cookies\">Responsable del uso de cookies<\/h2>\n\n\n\n<ul class=\"wp-block-list\">\n<li>Responsable:&nbsp;<strong>CRISTINA BARRIO PARDO<\/strong><\/li>\n\n\n\n<li>NIF:&nbsp;<strong>34282461H<\/strong><\/li>\n\n\n\n<li>Domicilio:\u00a0<strong>Carril de Cai\u00f1\u00f3s, 9, 2A, 27002 Lugo, Espa\u00f1a<\/strong><\/li>\n\n\n\n<li>Correo electr\u00f3nico:&nbsp;<a href=\"mailto:cristina.barrio.psicologia@gmail.com\" target=\"_blank\" rel=\"noreferrer noopener\"><\/a><a href=\"mailto:cristina.barrio.psicologia@gmail.com\"><strong>cristina.barrio.psicologia@gmail.com<\/strong><\/a><\/li>\n\n\n\n<li>Sitio web:&nbsp;<a href=\"https:\/\/cristinabarriopsicologa.es\/gl\" target=\"_blank\" rel=\"noreferrer noopener\"><strong>https:\/\/cristinabarriopsicologa.es\/<\/strong><\/a><\/li>\n<\/ul>\n\n\n\n<p>El responsable decide la finalidad, contenido y uso del tratamiento de la informaci\u00f3n obtenida a trav\u00e9s de las cookies utilizadas en este sitio web.<a rel=\"noreferrer noopener\" target=\"_blank\" href=\"https:\/\/protecciondatos-lopd.com\/empresas\/politica-de-privacidad-web\/\"><\/a>\u200b<\/p>\n\n\n\n<hr class=\"wp-block-separator has-alpha-channel-opacity\"\/>\n\n\n\n<h2 class=\"wp-block-heading\" id=\"qu-tipos-de-cookies-se-utilizan\">\u00bfQu\u00e9 tipos de cookies se utilizan?<\/h2>\n\n\n\n<p>En funci\u00f3n de distintos criterios, en este sitio pueden utilizarse las siguientes categor\u00edas de cookies.<a rel=\"noreferrer noopener\" target=\"_blank\" href=\"https:\/\/ayudaleyprotecciondatos.es\/modelo-politica-cookies\/\"><\/a>\u200b<\/p>\n\n\n\n<h2 class=\"wp-block-heading\">Seg\u00fan la entidad que las gestione<\/h2>\n\n\n\n<ul class=\"wp-block-list\">\n<li><strong>Cookies propias<\/strong>: son enviadas al dispositivo del usuario desde un equipo o dominio gestionado por la titular del sitio web y desde el que se presta el servicio solicitado.<a href=\"https:\/\/protecciondatos-lopd.com\/empresas\/politica-de-cookies\/\" target=\"_blank\" rel=\"noreferrer noopener\"><\/a>\u200b<\/li>\n\n\n\n<li><strong>Cookies de terceros<\/strong>: son enviadas al dispositivo del usuario desde un equipo o dominio que no es gestionado por la titular, sino por otra entidad que trata los datos obtenidos a trav\u00e9s de las cookies (por ejemplo, Google Analytics).<a href=\"https:\/\/www.cookieyes.com\/knowledge-base\/cookies-101\/does-google-analytics-use-cookies\/\" target=\"_blank\" rel=\"noreferrer noopener\"><\/a>\u200b<\/li>\n<\/ul>\n\n\n\n<h2 class=\"wp-block-heading\">Seg\u00fan su finalidad<\/h2>\n\n\n\n<ul class=\"wp-block-list\">\n<li><strong>Cookies t\u00e9cnicas o necesarias<\/strong>: permiten la navegaci\u00f3n, el acceso a \u00e1reas seguras, la gesti\u00f3n del consentimiento de cookies o la seguridad del sitio. Son imprescindibles para el funcionamiento de la web.<a href=\"https:\/\/usercentrics.com\/es\/knowledge-hub\/ley-de-cookies-espana-guia-completa\/\" target=\"_blank\" rel=\"noreferrer noopener\"><\/a>\u200b<\/li>\n\n\n\n<li><strong>Cookies de preferencias o personalizaci\u00f3n<\/strong>: permiten recordar informaci\u00f3n para que el usuario acceda al servicio con determinadas caracter\u00edsticas (por ejemplo, idioma).<a href=\"https:\/\/protecciondatos-lopd.com\/empresas\/politica-de-cookies\/\" target=\"_blank\" rel=\"noreferrer noopener\"><\/a>\u200b<\/li>\n\n\n\n<li><strong>Cookies de an\u00e1lisis o medici\u00f3n<\/strong>: permiten cuantificar el n\u00famero de usuarios y analizar el uso que hacen del sitio, con el objetivo de introducir mejoras en la navegaci\u00f3n y contenidos; en este sitio se utilizan mediante Google Analytics integrado con Google Site Kit.<a href=\"https:\/\/analytify.io\/google-analytics-cookies\/\" target=\"_blank\" rel=\"noreferrer noopener\"><\/a>\u200b<\/li>\n\n\n\n<li><strong>Cookies de publicidad comportamental<\/strong>: almacenan informaci\u00f3n del comportamiento de los usuarios obtenida de sus h\u00e1bitos de navegaci\u00f3n con el fin de mostrarles publicidad relacionada con su perfil; actualmente este sitio no utiliza cookies de publicidad de terceros, pero la categor\u00eda puede utilizarse si en el futuro se integran herramientas de anuncios.<a href=\"https:\/\/www.cookieyes.com\/blog\/google-analytics-gdpr\/\" target=\"_blank\" rel=\"noreferrer noopener\"><\/a>\u200b<\/li>\n<\/ul>\n\n\n\n<h2 class=\"wp-block-heading\">Seg\u00fan el tiempo que permanecen activas<\/h2>\n\n\n\n<ul class=\"wp-block-list\">\n<li><strong>Cookies de sesi\u00f3n<\/strong>: recaban y almacenan datos mientras el usuario accede a la web; se borran al cerrar el navegador.<a href=\"https:\/\/protecciondatos-lopd.com\/empresas\/politica-de-cookies\/\" target=\"_blank\" rel=\"noreferrer noopener\"><\/a>\u200b<\/li>\n\n\n\n<li><strong>Cookies persistentes<\/strong>: los datos permanecen almacenados en el dispositivo y pueden ser accedidos y tratados durante un periodo definido por el responsable de la cookie.<a href=\"https:\/\/protecciondatos-lopd.com\/empresas\/politica-de-cookies\/\" target=\"_blank\" rel=\"noreferrer noopener\"><\/a>\u200b<\/li>\n<\/ul>\n\n\n\n<hr class=\"wp-block-separator has-alpha-channel-opacity\"\/>\n\n\n\n<h2 class=\"wp-block-heading\" id=\"cookies-concretas-utilizadas-en-este-sitio-web\">Cookies concretas utilizadas en este sitio web<\/h2>\n\n\n\n<p>El sitio utiliza un sistema de gesti\u00f3n del consentimiento basado en&nbsp;<strong>CookieYes<\/strong>, Google Analytics a trav\u00e9s de&nbsp;<strong>Google Site Kit<\/strong>, y se aloja en&nbsp;<strong>Hostinger<\/strong>, que puede registrar determinados datos t\u00e9cnicos (como direcciones IP en logs de servidor).<a rel=\"noreferrer noopener\" target=\"_blank\" href=\"https:\/\/www.cookieyes.com\/\"><\/a>\u200b<\/p>\n\n\n\n<p>A continuaci\u00f3n se indican ejemplos de cookies t\u00edpicas que pueden instalarse, sin perjuicio de que la lista se actualice en funci\u00f3n de cambios t\u00e9cnicos o de configuraci\u00f3n:<\/p>\n\n\n\n<ul class=\"wp-block-list\">\n<li>Nombre:&nbsp;<strong>cookieyes-consent<\/strong>&nbsp;(u otras cookies de configuraci\u00f3n de CookieYes)\n<ul class=\"wp-block-list\">\n<li>Tipo: t\u00e9cnica, propia, persistente<\/li>\n\n\n\n<li>Finalidad: recordar el estado de consentimiento de cookies del usuario (aceptadas, rechazadas o configuradas por categor\u00eda).<a href=\"https:\/\/www.cookieyes.com\/documentation\/how-to-display-a-cookie-audit-table-on-your-website-using-cookieyes\/\" target=\"_blank\" rel=\"noreferrer noopener\"><\/a>\u200b<\/li>\n\n\n\n<li>Duraci\u00f3n: entre 6 y 12 meses, seg\u00fan configuraci\u00f3n.<\/li>\n<\/ul>\n<\/li>\n\n\n\n<li>Nombre:&nbsp;<em>cyc_&nbsp;\/ cky_<\/em>&nbsp;\/ cky-action** (u otras variantes de CookieYes)\n<ul class=\"wp-block-list\">\n<li>Tipo: t\u00e9cnica, propia, persistente<\/li>\n\n\n\n<li>Finalidad: registrar las categor\u00edas de cookies aceptadas o rechazadas y mostrar\/ocultar el banner de cookies.<a href=\"https:\/\/www.cookieyes.com\/\" target=\"_blank\" rel=\"noreferrer noopener\"><\/a>\u200b<\/li>\n\n\n\n<li>Duraci\u00f3n: variable, normalmente hasta 12 meses.<\/li>\n<\/ul>\n<\/li>\n\n\n\n<li>Nombre:&nbsp;<strong>_ga<\/strong>\n<ul class=\"wp-block-list\">\n<li>Tipo: anal\u00edtica, de terceros (Google Analytics)<\/li>\n\n\n\n<li>Proveedor: Google LLC, a trav\u00e9s de Google Site Kit<\/li>\n\n\n\n<li>Finalidad: distinguir usuarios \u00fanicos con fines estad\u00edsticos sobre el uso del sitio web.<a href=\"https:\/\/www.cookieyes.com\/knowledge-base\/cookies-101\/does-google-analytics-use-cookies\/\" target=\"_blank\" rel=\"noreferrer noopener\"><\/a>\u200b<\/li>\n\n\n\n<li>Duraci\u00f3n: 2 a\u00f1os.<a href=\"https:\/\/analytify.io\/google-analytics-cookies\/\" target=\"_blank\" rel=\"noreferrer noopener\"><\/a>\u200b<\/li>\n<\/ul>\n<\/li>\n\n\n\n<li>Nombre:&nbsp;<strong>_gid<\/strong>\n<ul class=\"wp-block-list\">\n<li>Tipo: anal\u00edtica, de terceros (Google Analytics)<\/li>\n\n\n\n<li>Proveedor: Google LLC, a trav\u00e9s de Google Site Kit<\/li>\n\n\n\n<li>Finalidad: distinguir usuarios dentro de un mismo d\u00eda para generar estad\u00edsticas de uso.<a href=\"https:\/\/www.cookieyes.com\/knowledge-base\/cookies-101\/does-google-analytics-use-cookies\/\" target=\"_blank\" rel=\"noreferrer noopener\"><\/a>\u200b<\/li>\n\n\n\n<li>Duraci\u00f3n: 24 horas.<a href=\"https:\/\/analytify.io\/google-analytics-cookies\/\" target=\"_blank\" rel=\"noreferrer noopener\"><\/a>\u200b<\/li>\n<\/ul>\n<\/li>\n\n\n\n<li>Nombre:&nbsp;<strong>_gat<\/strong>&nbsp;o&nbsp;<strong><em>gat_gtag<\/em><\/strong>*\n<ul class=\"wp-block-list\">\n<li>Tipo: anal\u00edtica, de terceros (Google Analytics)<\/li>\n\n\n\n<li>Proveedor: Google LLC, a trav\u00e9s de Google Site Kit<\/li>\n\n\n\n<li>Finalidad: limitar el n\u00famero de solicitudes (throttle) y gestionar el tr\u00e1fico hacia los servidores de Analytics.<a href=\"https:\/\/www.cookieyes.com\/knowledge-base\/cookies-101\/does-google-analytics-use-cookies\/\" target=\"_blank\" rel=\"noreferrer noopener\"><\/a>\u200b<\/li>\n\n\n\n<li>Duraci\u00f3n: 1 minuto.<a href=\"https:\/\/analytify.io\/google-analytics-cookies\/\" target=\"_blank\" rel=\"noreferrer noopener\"><\/a>\u200b<\/li>\n<\/ul>\n<\/li>\n<\/ul>\n\n\n\n<p>El servicio de alojamiento y gesti\u00f3n de la infraestructura t\u00e9cnica es prestado por&nbsp;<strong>Hostinger<\/strong>, que puede registrar cookies o identificadores t\u00e9cnicos necesarios para la prestaci\u00f3n segura del servicio y que act\u00faa como encargado del tratamiento conforme a su acuerdo de tratamiento de datos y pol\u00edtica de privacidad.<a rel=\"noreferrer noopener\" target=\"_blank\" href=\"https:\/\/www.hostinger.com\/blog\/what-the-european-gdpr-means-for-hostinger-customers\"><\/a>\u200b<\/p>\n\n\n\n<p>La lista exacta de cookies puede variar en funci\u00f3n de las actualizaciones de WordPress, plugins, CookieYes y Google, por lo que se mostrar\u00e1 de forma din\u00e1mica y actualizada en la propia tabla generada por CookieYes en la web.<a rel=\"noreferrer noopener\" target=\"_blank\" href=\"https:\/\/www.cookieyes.com\/documentation\/add-scanned-cookies-gdpr-plugin\/\"><\/a>\u200b<\/p>\n\n\n\n<hr class=\"wp-block-separator has-alpha-channel-opacity\"\/>\n\n\n\n<h2 class=\"wp-block-heading\" id=\"base-jurdica-del-uso-de-cookies\">Base jur\u00eddica del uso de cookies<\/h2>\n\n\n\n<ul class=\"wp-block-list\">\n<li>Las&nbsp;<strong>cookies t\u00e9cnicas o necesarias<\/strong>&nbsp;se utilizan sobre la base del&nbsp;<strong>inter\u00e9s leg\u00edtimo<\/strong>&nbsp;del responsable en garantizar el correcto funcionamiento y seguridad del sitio web.<a href=\"https:\/\/usercentrics.com\/es\/knowledge-hub\/ley-de-cookies-espana-guia-completa\/\" target=\"_blank\" rel=\"noreferrer noopener\"><\/a>\u200b<\/li>\n\n\n\n<li>El uso de&nbsp;<strong>cookies de an\u00e1lisis y otras cookies no necesarias<\/strong>&nbsp;se basa en el&nbsp;<strong>consentimiento del usuario<\/strong>, solicitado de forma expl\u00edcita a trav\u00e9s del banner\/panel de cookies antes de que dichas cookies se instalen.<a href=\"https:\/\/www.cookieyes.com\/blog\/google-analytics-gdpr\/\" target=\"_blank\" rel=\"noreferrer noopener\"><\/a>\u200b<\/li>\n<\/ul>\n\n\n\n<p>En cualquier momento, el usuario puede modificar o retirar su consentimiento a trav\u00e9s del enlace \u201cConfiguraci\u00f3n de cookies\u201d o similar disponible en el pie de p\u00e1gina del sitio web.<a rel=\"noreferrer noopener\" target=\"_blank\" href=\"https:\/\/www.cookieyes.com\/documentation\/how-to-display-a-cookie-audit-table-on-your-website-using-cookieyes\/\"><\/a>\u200b<\/p>\n\n\n\n<hr class=\"wp-block-separator has-alpha-channel-opacity\"\/>\n\n\n\n<h2 class=\"wp-block-heading\" id=\"cmo-aceptar-rechazar-o-configurar-las-cookies\">C\u00f3mo aceptar, rechazar o configurar las cookies<\/h2>\n\n\n\n<p>Al acceder por primera vez al sitio, se muestra un banner de informaci\u00f3n sobre cookies a trav\u00e9s de CookieYes que permite:<a rel=\"noreferrer noopener\" target=\"_blank\" href=\"https:\/\/www.cookieyes.com\/documentation\/how-to-display-a-cookie-audit-table-on-your-website-using-cookieyes\/\"><\/a>\u200b<\/p>\n\n\n\n<ul class=\"wp-block-list\">\n<li>Aceptar todas las cookies.<\/li>\n\n\n\n<li>Rechazar todas las cookies no necesarias.<\/li>\n\n\n\n<li>Configurar las cookies por categor\u00edas (t\u00e9cnicas, preferencias, estad\u00edsticas, etc.).<\/li>\n<\/ul>\n\n\n\n<p>El usuario puede cambiar en cualquier momento su elecci\u00f3n mediante el enlace permanente a la configuraci\u00f3n de cookies en el sitio (por ejemplo, \u201cPol\u00edtica de cookies\u201d o \u201cConfigurar cookies\u201d en el pie de p\u00e1gina).<a rel=\"noreferrer noopener\" target=\"_blank\" href=\"https:\/\/www.cookieyes.com\/documentation\/how-to-display-a-cookie-audit-table-on-your-website-using-cookieyes\/\"><\/a>\u200b<\/p>\n\n\n\n<p>Adem\u00e1s, el usuario puede desactivar o eliminar las cookies ya instaladas mediante la configuraci\u00f3n del navegador, teniendo en cuenta que la desactivaci\u00f3n de cookies t\u00e9cnicas puede impedir el funcionamiento correcto de algunas funcionalidades del sitio.<a rel=\"noreferrer noopener\" target=\"_blank\" href=\"https:\/\/usercentrics.com\/es\/knowledge-hub\/ley-de-cookies-espana-guia-completa\/\"><\/a>\u200b<\/p>\n\n\n\n<hr class=\"wp-block-separator has-alpha-channel-opacity\"\/>\n\n\n\n<h2 class=\"wp-block-heading\" id=\"transferencias-internacionales-de-datos\">Transferencias internacionales de datos<\/h2>\n\n\n\n<p>El uso de cookies de terceros, como Google Analytics, puede implicar transferencias internacionales de datos (por ejemplo, a servidores de Google ubicados fuera del Espacio Econ\u00f3mico Europeo).<a rel=\"noreferrer noopener\" target=\"_blank\" href=\"https:\/\/support.google.com\/analytics\/answer\/6004245?hl=en\"><\/a>\u200b<br>Estos proveedores declaran aplicar garant\u00edas adecuadas, como cl\u00e1usulas contractuales tipo, de conformidad con lo establecido en el RGPD y en sus t\u00e9rminos de procesamiento de datos.<a rel=\"noreferrer noopener\" target=\"_blank\" href=\"https:\/\/www.google.com\/analytics\/terms\/dpa\/dataprocessingamendment_20200816.html\"><\/a>\u200b<\/p>\n\n\n\n<p>Para obtener informaci\u00f3n m\u00e1s detallada sobre el tratamiento que dichos terceros realizan de los datos recabados mediante cookies, se recomienda consultar directamente sus pol\u00edticas de privacidad y cookies: en particular, la pol\u00edtica de Google y la informaci\u00f3n sobre seguridad de datos de Google Analytics.<a rel=\"noreferrer noopener\" target=\"_blank\" href=\"https:\/\/support.google.com\/analytics\/answer\/6004245?hl=en\"><\/a>\u200b<\/p>\n\n\n\n<hr class=\"wp-block-separator has-alpha-channel-opacity\"\/>\n\n\n\n<h2 class=\"wp-block-heading\" id=\"actualizacin-de-la-presente-poltica-de-cookies\">Actualizaci\u00f3n de la presente pol\u00edtica de cookies<\/h2>\n\n\n\n<p>La presente Pol\u00edtica de cookies puede ser modificada cuando lo exija la normativa aplicable o cuando se produzcan cambios en la configuraci\u00f3n o en los servicios ofrecidos en el sitio web que afecten al uso de cookies.<a rel=\"noreferrer noopener\" target=\"_blank\" href=\"https:\/\/textos-legales.edgartamarit.com\/plantilla-politica-privacidad-datos-personales\/\"><\/a>\u200b<br>Se recomienda al usuario revisar peri\u00f3dicamente esta pol\u00edtica para estar informado sobre c\u00f3mo y para qu\u00e9 se utilizan las cookies, especialmente cuando vuelva a prestar su consentimiento.<a rel=\"noreferrer noopener\" target=\"_blank\" href=\"https:\/\/textos-legales.edgartamarit.com\/plantilla-politica-privacidad-datos-personales\/\"><\/a>\u200b<\/p>","protected":false},"excerpt":{"rendered":"<p>A continuaci\u00f3n, se incluye una Pol\u00edtica de cookies completa y actualizada para cristinabarriopsicologa.es, integrada con CookieYes, Google Analytics a trav\u00e9s de Site Kit y Hostinger, basada en los requisitos de la LSSI-CE, el RGPD y la LOPDGDD descritos en las gu\u00edas recientes. Informaci\u00f3n general sobre cookies Este sitio web utiliza cookies y tecnolog\u00edas similares que [&hellip;]<\/p>","protected":false},"author":1,"featured_media":0,"parent":0,"menu_order":0,"comment_status":"closed","ping_status":"closed","template":"","meta":{"footnotes":""},"class_list":["post-365","page","type-page","status-publish","hentry"],"_hostinger_reach_plugin_has_subscription_block":false,"_hostinger_reach_plugin_is_elementor":false,"_links":{"self":[{"href":"https:\/\/cristinabarriopsicologa.es\/gl\/wp-json\/wp\/v2\/pages\/365","targetHints":{"allow":["GET"]}}],"collection":[{"href":"https:\/\/cristinabarriopsicologa.es\/gl\/wp-json\/wp\/v2\/pages"}],"about":[{"href":"https:\/\/cristinabarriopsicologa.es\/gl\/wp-json\/wp\/v2\/types\/page"}],"author":[{"embeddable":true,"href":"https:\/\/cristinabarriopsicologa.es\/gl\/wp-json\/wp\/v2\/users\/1"}],"replies":[{"embeddable":true,"href":"https:\/\/cristinabarriopsicologa.es\/gl\/wp-json\/wp\/v2\/comments?post=365"}],"version-history":[{"count":5,"href":"https:\/\/cristinabarriopsicologa.es\/gl\/wp-json\/wp\/v2\/pages\/365\/revisions"}],"predecessor-version":[{"id":489,"href":"https:\/\/cristinabarriopsicologa.es\/gl\/wp-json\/wp\/v2\/pages\/365\/revisions\/489"}],"wp:attachment":[{"href":"https:\/\/cristinabarriopsicologa.es\/gl\/wp-json\/wp\/v2\/media?parent=365"}],"curies":[{"name":"wp","href":"https:\/\/api.w.org\/{rel}","templated":true}]}}